{"id":4307,"date":"2015-10-21T09:31:45","date_gmt":"2015-10-21T07:31:45","guid":{"rendered":"http:\/\/impreza3.us-themes.com\/?page_id=4307"},"modified":"2025-12-19T14:26:43","modified_gmt":"2025-12-19T13:26:43","slug":"spenden","status":"publish","type":"page","link":"https:\/\/quietway.de\/hilfezurselbsthilfe\/spenden\/","title":{"rendered":"Spenden"},"content":{"rendered":"<section class=\"l-section wpb_row us_custom_abf3ca82 height_custom color_primary\"><div class=\"l-section-overlay\" style=\"background:var(--color-header-transparent-bg-grad, var(--color-header-transparent-bg) )\"><\/div><div class=\"l-section-h i-cf\"><div class=\"g-cols vc_row via_grid cols_1 laptops-cols_inherit tablets-cols_inherit mobiles-cols_1 valign_middle type_default stacking_default\"><div class=\"wpb_column vc_column_container\"><div class=\"vc_column-inner\"><h1 class=\"w-post-elm post_title us_custom_a574d586 has_text_color align_center entry-title color_link_inherit\">Spenden<\/h1><\/div><\/div><\/div><\/div><\/section><section class=\"l-section wpb_row us_custom_f37d58fd height_custom with_img\"><div class=\"l-section-img\" role=\"img\" aria-label=\"Bild\" data-img-width=\"1100\" data-img-height=\"734\" style=\"background-image: url(https:\/\/quietway.de\/hilfezurselbsthilfe\/wp-content\/uploads\/einkauf-auf-dem-markt.jpg);background-position: bottom center;background-repeat: no-repeat;\"><\/div><div class=\"l-section-h i-cf\"><div class=\"g-cols vc_row via_grid cols_2 laptops-cols_inherit tablets-cols_inherit mobiles-cols_1 valign_top type_default stacking_default\"><div class=\"wpb_column vc_column_container\"><div class=\"vc_column-inner\"><div class=\"g-cols wpb_row via_grid cols_custom laptops-cols_inherit tablets-cols_inherit mobiles-cols_1 valign_top type_default stacking_default\" style=\"--columns-gap:3rem;--custom-columns:1fr 4fr 1fr \"><div class=\"wpb_column vc_column_container\"><div class=\"vc_column-inner\"><\/div><\/div><div class=\"wpb_column vc_column_container\"><div class=\"vc_column-inner\"><div class=\"w-btn-wrapper align_none\"><a class=\"w-btn us-btn-style_1\" title=\"Antrag auf Aufnahme in unser Projekt Quietway e.V.\" target=\"_blank\" rel=\"nofollow\" href=\"https:\/\/quietway.de\/hilfezurselbsthilfe\/Aufnahmeantrag.pdf\"><span class=\"w-btn-label\">Anmelden<\/span><\/a><\/div><div class=\"w-separator size_medium\"><\/div><div class=\"w-image align_none\"><a title=\"Antragsformular als Pdf\" target=\"_blank\" rel=\"nofollow\" href=\"https:\/\/quietway.de\/hilfezurselbsthilfe\/Aufnahmeantrag.pdf\" aria-label=\"Beitrittserkl\u00e4rung und Antrag zum gemeinn\u00fctzigen Verein Quiet Way e.V.\" class=\"w-image-h\"><img decoding=\"async\" width=\"153\" height=\"227\" src=\"https:\/\/quietway.de\/hilfezurselbsthilfe\/wp-content\/uploads\/Beitrittserklaerung-Verein_Quiet-Way-e.V..png\" class=\"attachment-large size-large\" alt=\"Beitrittserkl\u00e4rung und Antrag zum gemeinn\u00fctzigen Verein Quiet Way e.V.\" loading=\"lazy\" srcset=\"https:\/\/quietway.de\/hilfezurselbsthilfe\/wp-content\/uploads\/Beitrittserklaerung-Verein_Quiet-Way-e.V..png 153w, https:\/\/quietway.de\/hilfezurselbsthilfe\/wp-content\/uploads\/Beitrittserklaerung-Verein_Quiet-Way-e.V.-101x150.png 101w\" sizes=\"auto, (max-width: 153px) 100vw, 153px\" \/><\/a><\/div><\/div><\/div><div class=\"wpb_column vc_column_container\"><div class=\"vc_column-inner\"><\/div><\/div><\/div><div class=\"w-separator size_medium\"><\/div><div class=\"wpb_text_column us_custom_345c8b9d has_text_color\"><div class=\"wpb_wrapper\"><h1 class=\"entry-title\">Spendengelder &amp; Verwendung<\/h1>\n<\/div><\/div><\/div><\/div><div class=\"wpb_column vc_column_container\"><div class=\"vc_column-inner\"><div class=\"g-cols wpb_row us_custom_c4a9f6ae via_grid cols_1-5 laptops-cols_inherit tablets-cols_inherit mobiles-cols_1 valign_top type_default stacking_default\" style=\"--columns-gap:3rem;\"><div class=\"wpb_column vc_column_container\"><div class=\"vc_column-inner\"><\/div><\/div><div class=\"wpb_column vc_column_container\"><div class=\"vc_column-inner\"><div class=\"w-separator size_small\"><\/div><div class=\"wpb_text_column\"><div class=\"wpb_wrapper\"><h3><span class=\"card-title d-block h4 mt-0 \">Klassisch spenden <\/span><\/h3>\n<div class=\"card-text-wrapper\">\n<p>Quietway e.V.\u00a0<strong><br \/>\n<\/strong><strong>Raiffeisen-Volksbank<\/strong><\/p>\n<p><strong>IBAN DE <span>85 5019 0000 0000 1861 98<\/span><br \/>\nBIC: <span>FFVBDEFF<\/span><\/strong><\/p>\n<\/div>\n<\/div><\/div><div class=\"w-message color_blue\"><div class=\"w-message-body\"><p>Neue EU-Richtlinien bez\u00fcglich der Empf\u00e4nger\u00fcberpr\u00fcfung weisen auf Namensunterschiede hin. Das ist der Name, der mit dem Konto verkn\u00fcpft ist &#8211; in our own quiet way<\/p>\n<\/div><\/div><div class=\"wpb_text_column\"><div class=\"wpb_wrapper\"><div class=\"card-text-wrapper\">\n<p>Quietway e.V.<br \/>\n<strong>Sparkasse Aschaffenburg-Miltenberg<\/strong><br \/>\n<strong><br \/>\nIBAN DE 53 7955 0000 0011 3968 50<br \/>\nBIC: BYLADEM1ASA<\/strong><\/p>\n<p>Wenn Sie ein bestimmtes Projekt von Quietway e.V. unterst\u00fctzen m\u00f6chten, so geben Sie dies bitte im Verwendungszweck an. Um Ihnen eine Zuwendungsbest\u00e4tigung f\u00fcr Ihr Finanzamt ausstellen zu k\u00f6nnen, ben\u00f6tigen wir zudem Ihre vollst\u00e4ndige Adresse auf dem \u00dcberweisungstr\u00e4ger.<\/p>\n<\/div>\n<\/div><\/div><div class=\"w-separator size_small\"><\/div><\/div><\/div><\/div><div class=\"g-cols wpb_row us_custom_c4a9f6ae via_grid cols_1-5 laptops-cols_inherit tablets-cols_inherit mobiles-cols_1 valign_top type_default stacking_default\" style=\"--columns-gap:3rem;\"><div class=\"wpb_column vc_column_container\"><div class=\"vc_column-inner\"><\/div><\/div><div class=\"wpb_column vc_column_container\"><div class=\"vc_column-inner\"><div class=\"w-separator size_small\"><\/div><div class=\"w-btn-wrapper align_none\"><a class=\"w-btn us-btn-style_1\" target=\"_blank\" href=\"https:\/\/www.paypal.com\/paypalme\/quietway\"><span class=\"w-btn-label\">via Paypal senden<\/span><\/a><\/div><div class=\"w-separator size_small\"><\/div><div class=\"w-image style_outlined align_left\"><a target=\"_blank\" href=\"https:\/\/www.paypal.com\/paypalme\/quietway\" aria-label=\"qrcode\" class=\"w-image-h\"><img decoding=\"async\" width=\"150\" height=\"150\" src=\"https:\/\/quietway.de\/hilfezurselbsthilfe\/wp-content\/uploads\/qrcode-150x150.png\" class=\"attachment-thumbnail size-thumbnail\" alt=\"\" loading=\"lazy\" srcset=\"https:\/\/quietway.de\/hilfezurselbsthilfe\/wp-content\/uploads\/qrcode-150x150.png 150w, https:\/\/quietway.de\/hilfezurselbsthilfe\/wp-content\/uploads\/qrcode-300x300.png 300w, https:\/\/quietway.de\/hilfezurselbsthilfe\/wp-content\/uploads\/qrcode.png 500w\" sizes=\"auto, (max-width: 150px) 100vw, 150px\" \/><\/a><\/div><div class=\"w-separator size_small\"><\/div><\/div><\/div><\/div><\/div><\/div><\/div><\/div><\/section><section class=\"l-section wpb_row height_custom\"><div class=\"l-section-h i-cf\"><div class=\"g-cols vc_row via_grid cols_1 laptops-cols_inherit tablets-cols_inherit mobiles-cols_1 valign_top type_default stacking_default\"><div class=\"wpb_column vc_column_container\"><div class=\"vc_column-inner\"><div class=\"g-cols wpb_row via_grid cols_2 laptops-cols_inherit tablets-cols_inherit mobiles-cols_1 valign_middle type_default stacking_default\" style=\"--columns-gap:3rem;\"><div class=\"wpb_column vc_column_container us_custom_7e20fa79 us_animate_this\"><div class=\"vc_column-inner\"><div class=\"w-iconbox iconpos_left style_default color_primary align_left icontype_img\"><div class=\"w-iconbox-icon\" style=\"font-size:70px;\"><img loading=\"lazy\" decoding=\"async\" width=\"300\" height=\"82\" src=\"https:\/\/quietway.de\/hilfezurselbsthilfe\/wp-content\/uploads\/logo-web-Hilfe-zur-Selbsthilfe-Quietway.png\" class=\"g-placeholder\" alt=\"Hilfe zur Selbsthilfe Quiet Way e.V. ist ein eingetragener, gemeinn\u00fctziger Verein (NRO\/NGO), der sich in seiner Satzung dazu verpflichtet hat, die Menschen in Kakamega \/ Kenia zu unterst\u00fctzen.\" srcset=\"https:\/\/quietway.de\/hilfezurselbsthilfe\/wp-content\/uploads\/logo-web-Hilfe-zur-Selbsthilfe-Quietway.png 300w, https:\/\/quietway.de\/hilfezurselbsthilfe\/wp-content\/uploads\/logo-web-Hilfe-zur-Selbsthilfe-Quietway-150x41.png 150w\" sizes=\"auto, (max-width: 300px) 100vw, 300px\" \/><\/div><div class=\"w-iconbox-meta\"><h3 class=\"w-iconbox-title\">Was geschieht mit Ihren Spendengeldern?<\/h3><div class=\"w-iconbox-text\"><p>Wir garantieren Ihnen, dass alle Betr\u00e4ge ihr beabsichtigtes Ziel erreichen, aus diesem Grund arbeiten wir auch nur mit ehrenamtlichen, vertrauensw\u00fcrdigen Helfern zusammen und kontrollieren regelm\u00e4\u00dfig alle Vorg\u00e4nge, sowohl hier als auch in Kakamega.<\/p>\n<\/div><\/div><\/div><\/div><\/div><div class=\"wpb_column vc_column_container us_custom_d628d18a us_animate_this\"><div class=\"vc_column-inner\"><div class=\"w-image align_center\"><div class=\"w-image-h\"><img decoding=\"async\" width=\"300\" height=\"225\" src=\"https:\/\/quietway.de\/hilfezurselbsthilfe\/wp-content\/uploads\/Anbau-von-Lebensmitteln-zur-Selbstversorgung-1-300x225.jpg\" class=\"attachment-medium size-medium\" alt=\"\" loading=\"lazy\" srcset=\"https:\/\/quietway.de\/hilfezurselbsthilfe\/wp-content\/uploads\/Anbau-von-Lebensmitteln-zur-Selbstversorgung-1-300x225.jpg 300w, https:\/\/quietway.de\/hilfezurselbsthilfe\/wp-content\/uploads\/Anbau-von-Lebensmitteln-zur-Selbstversorgung-1-150x113.jpg 150w, https:\/\/quietway.de\/hilfezurselbsthilfe\/wp-content\/uploads\/Anbau-von-Lebensmitteln-zur-Selbstversorgung-1.jpg 800w\" sizes=\"auto, (max-width: 300px) 100vw, 300px\" \/><\/div><\/div><\/div><\/div><\/div><div class=\"w-separator size_large\"><\/div><div class=\"g-cols wpb_row via_grid cols_2 laptops-cols_inherit tablets-cols_inherit mobiles-cols_1 valign_middle type_default reversed stacking_default\" style=\"--columns-gap:3rem;\"><div class=\"wpb_column vc_column_container us_custom_a640122a us_animate_this\"><div class=\"vc_column-inner\"><div class=\"w-image align_center\"><div class=\"w-image-h\"><img decoding=\"async\" width=\"300\" height=\"211\" src=\"https:\/\/quietway.de\/hilfezurselbsthilfe\/wp-content\/uploads\/P1060430-1-1-300x211.jpg\" class=\"attachment-medium size-medium\" alt=\"\" loading=\"lazy\" srcset=\"https:\/\/quietway.de\/hilfezurselbsthilfe\/wp-content\/uploads\/P1060430-1-1-300x211.jpg 300w, https:\/\/quietway.de\/hilfezurselbsthilfe\/wp-content\/uploads\/P1060430-1-1-1024x722.jpg 1024w, https:\/\/quietway.de\/hilfezurselbsthilfe\/wp-content\/uploads\/P1060430-1-1-150x106.jpg 150w, https:\/\/quietway.de\/hilfezurselbsthilfe\/wp-content\/uploads\/P1060430-1-1-1536x1082.jpg 1536w\" sizes=\"auto, (max-width: 300px) 100vw, 300px\" \/><\/div><\/div><\/div><\/div><div class=\"wpb_column vc_column_container us_custom_47474b22 us_animate_this\"><div class=\"vc_column-inner\"><div class=\"w-iconbox iconpos_left style_default color_primary align_left icontype_img\"><div class=\"w-iconbox-icon\" style=\"font-size:70px;\"><img loading=\"lazy\" decoding=\"async\" width=\"300\" height=\"82\" src=\"https:\/\/quietway.de\/hilfezurselbsthilfe\/wp-content\/uploads\/logo-web-Hilfe-zur-Selbsthilfe-Quietway.png\" class=\"g-placeholder\" alt=\"Hilfe zur Selbsthilfe Quiet Way e.V. ist ein eingetragener, gemeinn\u00fctziger Verein (NRO\/NGO), der sich in seiner Satzung dazu verpflichtet hat, die Menschen in Kakamega \/ Kenia zu unterst\u00fctzen.\" srcset=\"https:\/\/quietway.de\/hilfezurselbsthilfe\/wp-content\/uploads\/logo-web-Hilfe-zur-Selbsthilfe-Quietway.png 300w, https:\/\/quietway.de\/hilfezurselbsthilfe\/wp-content\/uploads\/logo-web-Hilfe-zur-Selbsthilfe-Quietway-150x41.png 150w\" sizes=\"auto, (max-width: 300px) 100vw, 300px\" \/><\/div><div class=\"w-iconbox-meta\"><h3 class=\"w-iconbox-title\">Selbstversorgung und Unabh\u00e4ngigkeit<\/h3><div class=\"w-iconbox-text\"><p>F\u00fcr die Selbstversorgung wird landwirtschaftliche Fl\u00e4che gekauft.<\/p>\n<\/div><\/div><\/div><div class=\"w-btn-wrapper align_none\"><a class=\"w-btn us-btn-style_4\" title=\"Preise f\u00fcr die verschiedenen Projekte in Kakamega\" href=\"https:\/\/quietway.de\/hilfezurselbsthilfe\/preise-in-kakamega\/\"><span class=\"w-btn-label\">mehr erfahren<\/span><\/a><\/div><\/div><\/div><\/div><\/div><\/div><\/div><\/div><\/section><section class=\"l-section wpb_row height_huge color_secondary with_img parallax_ver\"><div class=\"l-section-img\" role=\"img\" aria-label=\"Afrikahilfe und Ausbildung\" data-img-width=\"1510\" data-img-height=\"814\" style=\"background-image: url(https:\/\/quietway.de\/hilfezurselbsthilfe\/wp-content\/uploads\/gesundheitsvorsorge.png);\"><\/div><div class=\"l-section-overlay\" style=\"background:rgba(43,44,54,0.83)\"><\/div><div class=\"l-section-h i-cf\"><div class=\"g-cols vc_row via_grid cols_3 laptops-cols_inherit tablets-cols_inherit mobiles-cols_1 valign_top type_default stacking_default\" style=\"--columns-gap:calc(3rem + 10px);\"><div class=\"wpb_column vc_column_container us_custom_60e9caca us_animate_this\"><div class=\"vc_column-inner\"><div class=\"w-text us_custom_10a545cb has_text_color\"><span class=\"w-text-h\"><span class=\"w-text-value\">01<\/span><\/span><\/div><div class=\"wpb_text_column\"><div class=\"wpb_wrapper\"><h3><strong>Patenschaften<\/strong><\/h3>\n<p>Bildungspaten gesucht. Um unseren Kindern eine Ausbildung zu erm\u00f6glichen, sind wir auf Ihre Spenden angewiesen.<\/p>\n<\/div><\/div><div class=\"w-btn-wrapper align_none\"><a class=\"w-btn us-btn-style_4\" target=\"_blank\" rel=\"nofollow\" title=\"Paten gesucht\" href=\"https:\/\/quietway.de\/hilfezurselbsthilfe\/portfolio\/paten-ausbildung-kakamega\/\"><span class=\"w-btn-label\">mehr erfahren<\/span><\/a><\/div><\/div><\/div><div class=\"wpb_column vc_column_container us_custom_f70d789f us_animate_this\"><div class=\"vc_column-inner\"><div class=\"w-text us_custom_10a545cb has_text_color\"><span class=\"w-text-h\"><span class=\"w-text-value\">02<\/span><\/span><\/div><div class=\"wpb_text_column\"><div class=\"wpb_wrapper\"><h3><strong>Stipendiaten<\/strong><\/h3>\n<p>Die Vermittlung von Stipendien an ehrgeizige junge Menschen, die sich das angestrebte Studium bzw. die Ausbildung nicht leisten k\u00f6nnen, macht den zweiten gro\u00dfen Strang unserer Aktivit\u00e4ten vor Ort aus.<\/p>\n<\/div><\/div><div class=\"w-btn-wrapper align_none\"><a class=\"w-btn us-btn-style_4\" title=\"Stipendiaten\" href=\"https:\/\/quietway.de\/hilfezurselbsthilfe\/stipendiaten\/\"><span class=\"w-btn-label\">mehr erfahren<\/span><\/a><\/div><\/div><\/div><div class=\"wpb_column vc_column_container us_custom_1fb8b2dc us_animate_this\"><div class=\"vc_column-inner\"><div class=\"w-text us_custom_10a545cb has_text_color\"><span class=\"w-text-h\"><span class=\"w-text-value\">03<\/span><\/span><\/div><div class=\"wpb_text_column\"><div class=\"wpb_wrapper\"><h3><strong>Projekte<\/strong><\/h3>\n<p>Die Bedeutung von Quiet Way geldern f\u00fcr die Menschen vor Ort hat und wie viele Hoffnungen sich damit verbinden. Jeder Euro ist danach gut investiert!<\/p>\n<\/div><\/div><div class=\"w-btn-wrapper align_none\"><a class=\"w-btn us-btn-style_4\" href=\"https:\/\/quietway.de\/hilfezurselbsthilfe\/projekte\/\"><span class=\"w-btn-label\">mehr erfahren<\/span><\/a><\/div><\/div><\/div><\/div><\/div><\/section><section class=\"l-section wpb_row height_custom\"><div class=\"l-section-h i-cf\"><div class=\"g-cols vc_row via_grid cols_2 laptops-cols_inherit tablets-cols_inherit mobiles-cols_1 valign_top type_default stacking_default\"><div class=\"wpb_column vc_column_container\"><div class=\"vc_column-inner\"><div class=\"wpb_text_column\"><div class=\"wpb_wrapper\"><h3><strong>Einzel-Spende <\/strong><\/h3>\n<p><strong>bis 300.- EURO: <\/strong>Eine Spendenquittung stellen wir nicht automatisch, aber gerne auf Wunsch aus.<br \/>\nF\u00fcr die Steuer reicht der Bank- oder Kassenbeleg.<\/p>\n<p><strong>\u00fcber 300.- EURO: <\/strong>Wenn uns Ihre Adresse vorliegt, erhalten Sie eine Spendenquittung.<\/p>\n<p>Bitte geben Sie uns Ihre Adresse auf der \u00dcberweisung mit an, damit wir Ihnen eine Spendenquittung ausstellen k\u00f6nnen.<\/p>\n<h3><strong>Dauerauftrags-Spende <\/strong><\/h3>\n<p><strong>bis 300.- EURO: <\/strong>Die Spendensumme wird f\u00fcr das gesamte Jahr addiert.<br \/>\nEine Spendenquittung stellen wir nicht automatisch, aber gerne auf Wunsch aus.<\/p>\n<p>Bitte geben Sie uns Ihre Adresse auf der \u00dcberweisung mit an, damit wir Ihnen eine Spendenquittung ausstellen k\u00f6nnen.F\u00fcr die Steuer reichen die Bank- oder Kassenbelege.<\/p>\n<p><strong>\u00fcber 300.- EURO:<\/strong><br \/>\nDie Spendensumme wird f\u00fcr das gesamte Jahr addiert.<br \/>\nWenn uns Ihre Adresse vorliegt, erhalten Sie automatisch eine Spendenquittung.<br \/>\nDie Spendenquittung wird bis Mitte Februar des Jahres verschickt, der auf das Spendenjahr folgt.<\/p>\n<h3><strong>Mitglieds- oder Patenschaftsbeitr\u00e4ge <\/strong><\/h3>\n<p><strong>bis 300.- EURO:<\/strong> Mitglieds- oder Patenschaftsbeitr\u00e4ge sind steuerlich abzugsf\u00e4hig.<br \/>\nEine Spendenquittung stellen wir nicht automatisch, aber gerne auf Wunsch aus.<br \/>\nF\u00fcr die Steuer reichen die Bank- oder Kassenbelege<strong>.<br \/>\n<\/strong><\/p>\n<p><strong>\u00fcber 300.- EURO:<br \/>\n<\/strong>Sie erhalten automatisch eine Spendenquittung, wenn uns Ihre Adresse bekannt ist.<br \/>\nDie Spendenquittung wird den Spendern bis Mitte Februar des Jahres zugeschickt, welches auf das Beitragsjahr folgt.<br \/>\nAlle Beitragseing\u00e4nge werden f\u00fcr das ganze Jahr addiert.<\/p>\n<\/div><\/div><div class=\"w-separator size_medium\"><\/div><div class=\"wpb_text_column\"><div class=\"wpb_wrapper\"><h3>Wichtige Information<\/h3>\n<p>Eine Spendenquittung kann nur f\u00fcr das Jahr ausgestellt werden, in dem die Spende eingeht, bzw. zuflie\u00dft.<\/p>\n<\/div><\/div><\/div><\/div><div class=\"wpb_column vc_column_container\"><div class=\"vc_column-inner\"><div class=\"wpb_text_column\"><div class=\"wpb_wrapper\"><h3>Die wichtigsten Neuerungen zu verbesserten steuerlichen Abzugsm\u00f6glichkeiten:<\/h3>\n<p>Jeder gemeinn\u00fctzige Zweck, der in der sogenannten Abgabenordnung benannt ist, berechtigt zum Spendenabzug im Rahmen der Steuererkl\u00e4rung. (Bisher wurde zwischen gemeinn\u00fctzigen, mildt\u00e4tigen, kirchlichen und weiteren Zwecken unterschieden.)<\/p>\n<p>Die H\u00f6chstgrenze f\u00fcr den Spendenabzug liegt bei einheitlich <strong>20 Prozent<\/strong>des Gesamtbetrages der Eink\u00fcnfte bzw. bei <strong>vier Prozent <\/strong>von Umsatz und L\u00f6hnen\/Geh\u00e4ltern.<br \/>\nAlle Spenden lassen sich, sofern sie wegen der H\u00f6chsts\u00e4tze einmal nicht g\u00e4nzlich abzugsf\u00e4hig sind, <strong>unbegrenzt <\/strong>in nachfolgende Jahre vortragen.<\/p>\n<p>Der <strong>vereinfachte Spendennachweis <\/strong>gegen\u00fcber dem Finanzamt mittels Bareinzahlungsbelegt und Kontoauszug \u2013 also ohne eine formelle Zuwendungsbest\u00e4tigung des Spendenempf\u00e4ngers \u2013 ist bis 200 Euro m\u00f6glich (bisher lag die Grenze bei 100 Euro).<\/p>\n<\/div><\/div><div class=\"w-separator size_medium\"><\/div><div class=\"wpb_text_column\"><div class=\"wpb_wrapper\"><h3><span class=\"card-title d-block h4 mt-0 \">Klassisch spenden<\/span><\/h3>\n<div class=\"card-text-wrapper\">Quietway e.V.<br \/>\n<strong>Sparkasse Aschaffenburg-Miltenberg<\/strong><strong><br \/>\nIBAN DE 53 7955 0000 0011 3968 50<br \/>\nBIC: BYLADEM1ASA<br \/>\n<\/strong><br \/>\nQuietway e.V.\u00a0<strong><br \/>\n<\/strong><strong>Raiffeisen-Volksbank<\/strong><br \/>\n<strong>IBAN <span>DE 85 5019 0000 0000 1861 98<\/span><br \/>\nBIC: FFVBDEFF<\/strong><br \/>\nWenn Sie ein bestimmtes Projekt von Quietway e.V. unterst\u00fctzen m\u00f6chten, so geben Sie dies bitte im Verwendungszweck an. Um Ihnen eine Zuwendungsbest\u00e4tigung f\u00fcr Ihr Finanzamt ausstellen zu k\u00f6nnen, ben\u00f6tigen wir zudem Ihre vollst\u00e4ndige Adresse auf dem \u00dcberweisungstr\u00e4ger.<\/div>\n<\/div><\/div><div class=\"g-cols wpb_row us_custom_c4a9f6ae via_grid cols_1-5 laptops-cols_inherit tablets-cols_inherit mobiles-cols_1 valign_top type_default stacking_default\" style=\"--columns-gap:3rem;\"><div class=\"wpb_column vc_column_container\"><div class=\"vc_column-inner\"><\/div><\/div><div class=\"wpb_column vc_column_container\"><div class=\"vc_column-inner\"><div class=\"w-separator size_small\"><\/div><div class=\"w-image style_outlined align_none\"><a target=\"_blank\" href=\"https:\/\/www.paypal.com\/paypalme\/quietway\" aria-label=\"qrcode\" class=\"w-image-h\"><img decoding=\"async\" width=\"300\" height=\"300\" src=\"https:\/\/quietway.de\/hilfezurselbsthilfe\/wp-content\/uploads\/qrcode-300x300.png\" class=\"attachment-medium size-medium\" alt=\"\" loading=\"lazy\" srcset=\"https:\/\/quietway.de\/hilfezurselbsthilfe\/wp-content\/uploads\/qrcode-300x300.png 300w, https:\/\/quietway.de\/hilfezurselbsthilfe\/wp-content\/uploads\/qrcode-150x150.png 150w, https:\/\/quietway.de\/hilfezurselbsthilfe\/wp-content\/uploads\/qrcode.png 500w\" sizes=\"auto, (max-width: 300px) 100vw, 300px\" \/><\/a><\/div><div class=\"w-separator size_small\"><\/div><div class=\"w-btn-wrapper align_none\"><a class=\"w-btn us-btn-style_1\" target=\"_blank\" href=\"https:\/\/www.paypal.com\/paypalme\/quietway\"><span class=\"w-btn-label\">via Paypal senden<\/span><\/a><\/div><div class=\"w-separator size_small\"><\/div><\/div><\/div><\/div><\/div><\/div><\/div><\/div><\/section>\n","protected":false},"excerpt":{"rendered":"SpendenAnmeldenSpendengelder &amp; Verwendung Klassisch spenden Quietway e.V.\u00a0 Raiffeisen-Volksbank IBAN DE 85 5019 0000 0000 1861 98 BIC: FFVBDEFF Neue EU-Richtlinien bez\u00fcglich der Empf\u00e4nger\u00fcberpr\u00fcfung weisen auf Namensunterschiede hin. Das ist der Name, der mit dem Konto verkn\u00fcpft ist - in our own quiet way Quietway e.V. Sparkasse Aschaffenburg-Miltenberg IBAN DE 53 7955 0000 0011 3968 50...","protected":false},"author":1,"featured_media":0,"parent":0,"menu_order":0,"comment_status":"closed","ping_status":"closed","template":"","meta":{"footnotes":""},"class_list":["post-4307","page","type-page","status-publish","hentry"],"_links":{"self":[{"href":"https:\/\/quietway.de\/hilfezurselbsthilfe\/wp-json\/wp\/v2\/pages\/4307","targetHints":{"allow":["GET"]}}],"collection":[{"href":"https:\/\/quietway.de\/hilfezurselbsthilfe\/wp-json\/wp\/v2\/pages"}],"about":[{"href":"https:\/\/quietway.de\/hilfezurselbsthilfe\/wp-json\/wp\/v2\/types\/page"}],"author":[{"embeddable":true,"href":"https:\/\/quietway.de\/hilfezurselbsthilfe\/wp-json\/wp\/v2\/users\/1"}],"replies":[{"embeddable":true,"href":"https:\/\/quietway.de\/hilfezurselbsthilfe\/wp-json\/wp\/v2\/comments?post=4307"}],"version-history":[{"count":43,"href":"https:\/\/quietway.de\/hilfezurselbsthilfe\/wp-json\/wp\/v2\/pages\/4307\/revisions"}],"predecessor-version":[{"id":7898,"href":"https:\/\/quietway.de\/hilfezurselbsthilfe\/wp-json\/wp\/v2\/pages\/4307\/revisions\/7898"}],"wp:attachment":[{"href":"https:\/\/quietway.de\/hilfezurselbsthilfe\/wp-json\/wp\/v2\/media?parent=4307"}],"curies":[{"name":"wp","href":"https:\/\/api.w.org\/{rel}","templated":true}]}}