{"id":6312,"date":"2022-10-14T16:35:21","date_gmt":"2022-10-14T14:35:21","guid":{"rendered":"http:\/\/quietway.de\/hilfezurselbsthilfe\/?page_id=6312"},"modified":"2025-12-15T12:14:35","modified_gmt":"2025-12-15T11:14:35","slug":"kontakt","status":"publish","type":"page","link":"https:\/\/quietway.de\/hilfezurselbsthilfe\/kontakt\/","title":{"rendered":"Kontakt zu uns"},"content":{"rendered":"<section class=\"l-section wpb_row height_auto width_full color_alternate\"><div class=\"l-section-h i-cf\"><div class=\"g-cols vc_row via_grid cols_1 laptops-cols_inherit tablets-cols_inherit mobiles-cols_1 valign_top type_default stacking_default\"><div class=\"wpb_column vc_column_container\"><div class=\"vc_column-inner\"><div class=\"w-map provider_osm\" id=\"us_map_1\"><div class=\"w-map-inner\"><div class=\"w-map-json\" onclick='return {&quot;address&quot;:&quot;97816 Lohr am Main \\u00b7 Hauptstra\\u00dfe 26&quot;,&quot;disableDragging&quot;:1,&quot;disableZoom&quot;:1,&quot;hideControls&quot;:1,&quot;zoom&quot;:14,&quot;markers&quot;:[{&quot;address&quot;:&quot;97816 Lohr am Main \\u00b7 Hauptstra\\u00dfe 26&quot;,&quot;html&quot;:&quot;&lt;h6&gt;Hey, wir sind da!&lt;\\\/h6&gt;&lt;p&gt;Wir freuen uns auf Ihren Besuch in unserem B\\u00fcro.&lt;\\\/p&gt;&quot;,&quot;infowindow&quot;:0}],&quot;style&quot;:&quot;https:\\\/\\\/{s}.basemaps.cartocdn.com\\\/dark_all\\\/{z}\\\/{x}\\\/{y}{r}.png&quot;}'><\/div><\/div><\/div><\/div><\/div><\/div><\/div><\/section><section class=\"l-section wpb_row height_custom\"><div class=\"l-section-overlay\" style=\"background:var(--color-header-middle-bg)\"><\/div><div class=\"l-section-h i-cf\"><div class=\"g-cols vc_row via_grid cols_2 laptops-cols_inherit tablets-cols_inherit mobiles-cols_1 valign_top type_default stacking_default\"><div class=\"wpb_column vc_column_container\"><div class=\"vc_column-inner\"><div class=\"g-cols wpb_row via_grid cols_1-3 laptops-cols_inherit tablets-cols_inherit mobiles-cols_1 valign_top type_default stacking_default\" style=\"--columns-gap:3rem;\"><div class=\"wpb_column vc_column_container\"><div class=\"vc_column-inner\"><div class=\"w-btn-wrapper align_none\"><a class=\"w-btn us-btn-style_4\" title=\"Antragsformular\" target=\"_blank\" rel=\"nofollow\" href=\"https:\/\/quietway.de\/hilfezurselbsthilfe\/Aufnahmeantrag.pdf\"><span class=\"w-btn-label\">Anmeldung<\/span><\/a><\/div><div class=\"w-image align_none\"><a title=\"Antrag auf Aufnahme in unser Projekt Quietway e.V.\" target=\"_blank\" rel=\"nofollow\" href=\"https:\/\/quietway.de\/hilfezurselbsthilfe\/Aufnahmeantrag.pdf\" aria-label=\"Beitrittserkl\u00e4rung und Antrag zum gemeinn\u00fctzigen Verein Quiet Way e.V.\" class=\"w-image-h\"><img decoding=\"async\" width=\"153\" height=\"227\" src=\"https:\/\/quietway.de\/hilfezurselbsthilfe\/wp-content\/uploads\/Beitrittserklaerung-Verein_Quiet-Way-e.V..png\" class=\"attachment-full size-full\" alt=\"Beitrittserkl\u00e4rung und Antrag zum gemeinn\u00fctzigen Verein Quiet Way e.V.\" loading=\"lazy\" srcset=\"https:\/\/quietway.de\/hilfezurselbsthilfe\/wp-content\/uploads\/Beitrittserklaerung-Verein_Quiet-Way-e.V..png 153w, https:\/\/quietway.de\/hilfezurselbsthilfe\/wp-content\/uploads\/Beitrittserklaerung-Verein_Quiet-Way-e.V.-101x150.png 101w\" sizes=\"auto, (max-width: 153px) 100vw, 153px\" \/><\/a><\/div><\/div><\/div><div class=\"wpb_column vc_column_container\"><div class=\"vc_column-inner\"><div class=\"wpb_text_column\"><div class=\"wpb_wrapper\"><p>F\u00fcr Fragen nehmen Sie bitte mit uns Kontakt auf.<\/p>\n<\/div><\/div><div class=\"w-separator size_medium\"><\/div><\/div><\/div><\/div><div class=\"w-separator size_medium with_line width_default thick_1 style_solid color_border align_center\"><div class=\"w-separator-h\"><\/div><\/div><div class=\"g-cols wpb_row via_grid cols_1-3 laptops-cols_inherit tablets-cols_inherit mobiles-cols_1 valign_top type_default stacking_default\" style=\"--columns-gap:3rem;\"><div class=\"wpb_column vc_column_container\"><div class=\"vc_column-inner\"><div class=\"w-image align_none\"><a title=\"Antrag auf Aufnahme in unser Projekt Quietway e.V.\" target=\"_blank\" rel=\"nofollow\" href=\"https:\/\/quietway.de\/hilfezurselbsthilfe\/Bankdaten-Spenden.pdf\" aria-label=\"Titel\" class=\"w-image-h\"><img loading=\"lazy\" decoding=\"async\" width=\"300\" height=\"82\" src=\"https:\/\/quietway.de\/hilfezurselbsthilfe\/wp-content\/uploads\/logo-web-Hilfe-zur-Selbsthilfe-Quietway.png\" class=\"g-placeholder\" alt=\"Hilfe zur Selbsthilfe Quiet Way e.V. ist ein eingetragener, gemeinn\u00fctziger Verein (NRO\/NGO), der sich in seiner Satzung dazu verpflichtet hat, die Menschen in Kakamega \/ Kenia zu unterst\u00fctzen.\" srcset=\"https:\/\/quietway.de\/hilfezurselbsthilfe\/wp-content\/uploads\/logo-web-Hilfe-zur-Selbsthilfe-Quietway.png 300w, https:\/\/quietway.de\/hilfezurselbsthilfe\/wp-content\/uploads\/logo-web-Hilfe-zur-Selbsthilfe-Quietway-150x41.png 150w\" sizes=\"auto, (max-width: 300px) 100vw, 300px\" \/><\/a><\/div><\/div><\/div><div class=\"wpb_column vc_column_container\"><div class=\"vc_column-inner\"><div class=\"wpb_text_column\"><div class=\"wpb_wrapper\"><p>Informationen \u00fcber die Gesetzgebung von steuerlicher Absetzung der Spenden finden Sie in dem PDF zum Download oder auf der Seite <a href=\"https:\/\/quietway.de\/hilfezurselbsthilfe\/spenden\/\"><strong>Spenden.<\/strong><\/a><\/p>\n<\/div><\/div><div class=\"w-btn-wrapper align_none\"><a class=\"w-btn us-btn-style_4\" target=\"_blank\" rel=\"nofollow\" title=\"Antragsformular\" href=\"https:\/\/quietway.de\/hilfezurselbsthilfe\/wp-content\/uploads\/Bankdaten-Spenden.pdf\"><span class=\"w-btn-label\">Informationen zu Spenden<\/span><\/a><\/div><\/div><\/div><\/div><\/div><\/div><div class=\"wpb_column vc_column_container\"><div class=\"vc_column-inner\"><div class=\"g-cols wpb_row via_grid cols_1 laptops-cols_inherit tablets-cols_inherit mobiles-cols_1 valign_top type_default stacking_default\" style=\"--columns-gap:3rem;\"><div class=\"wpb_column vc_column_container\"><div class=\"vc_column-inner\"><div class=\"wpb_text_column\"><div class=\"wpb_wrapper\"><h3><span class=\"card-title d-block h4 mt-0 \">Klassisch spenden <\/span><\/h3>\n<div class=\"card-text-wrapper\">\n<p>Quietway e.V.<br \/>\n<strong>Sparkasse Aschaffenburg-Alzenau<\/strong><br \/>\nIBAN DE 53 7955 0000 0011 3968 50<br \/>\nBIC: BYLADEM1ASA<strong><br \/>\n<\/strong><br \/>\nQuietway e.V.\u00a0<strong><br \/>\nRaiffeisen-Volksbank<br \/>\n<\/strong>IBAN <span>DE 85 5019 0000 0000 1861 98<\/span><br \/>\nBIC: <span>FFVBDEFF<\/span><\/p>\n<p>Wenn Sie ein bestimmtes Projekt von Quietway e.V. unterst\u00fctzen m\u00f6chten, so geben Sie dies bitte im Verwendungszweck an. Um Ihnen eine Zuwendungsbest\u00e4tigung f\u00fcr Ihr Finanzamt ausstellen zu k\u00f6nnen, ben\u00f6tigen wir zudem Ihre vollst\u00e4ndige Adresse auf dem \u00dcberweisungstr\u00e4ger.<\/p>\n<\/div>\n<\/div><\/div><div class=\"w-separator size_medium\"><\/div><div class=\"w-image style_outlined align_left\"><a target=\"_blank\" href=\"https:\/\/www.paypal.com\/paypalme\/quietway\" aria-label=\"qrcode\" class=\"w-image-h\"><img decoding=\"async\" width=\"150\" height=\"150\" src=\"https:\/\/quietway.de\/hilfezurselbsthilfe\/wp-content\/uploads\/qrcode-150x150.png\" class=\"attachment-thumbnail size-thumbnail\" alt=\"\" loading=\"lazy\" srcset=\"https:\/\/quietway.de\/hilfezurselbsthilfe\/wp-content\/uploads\/qrcode-150x150.png 150w, https:\/\/quietway.de\/hilfezurselbsthilfe\/wp-content\/uploads\/qrcode-300x300.png 300w, https:\/\/quietway.de\/hilfezurselbsthilfe\/wp-content\/uploads\/qrcode.png 500w\" sizes=\"auto, (max-width: 150px) 100vw, 150px\" \/><\/a><\/div><div class=\"w-separator size_medium\"><\/div><div class=\"w-btn-wrapper align_none\"><a class=\"w-btn us-btn-style_1\" target=\"_blank\" href=\"https:\/\/www.paypal.com\/paypalme\/quietway\"><span class=\"w-btn-label\">via Paypal senden<\/span><\/a><\/div><\/div><\/div><\/div><\/div><\/div><\/div><\/div><\/section><section class=\"l-section wpb_row height_custom\"><div class=\"l-section-h i-cf\"><div class=\"g-cols vc_row via_grid cols_1 laptops-cols_inherit tablets-cols_inherit mobiles-cols_1 valign_top type_default stacking_default\" style=\"--columns-gap:58px;\"><div class=\"wpb_column vc_column_container\"><div class=\"vc_column-inner\"><div class=\"w-separator size_small with_line width_default thick_1 style_solid color_border align_center\"><div class=\"w-separator-h\"><\/div><\/div><div class=\"wpb_text_column\"><div class=\"wpb_wrapper\"><h2>Kontakt zu uns<\/h2>\n<\/div><\/div><div class=\"w-separator size_large\"><\/div><div class=\"g-cols wpb_row via_grid cols_2 laptops-cols_inherit tablets-cols_inherit mobiles-cols_1 valign_top type_default stacking_default\" style=\"--columns-gap:3rem;\"><div class=\"wpb_column vc_column_container\"><div class=\"vc_column-inner\"><div class=\"w-iconbox iconpos_left style_default color_primary align_left no_text\"><div class=\"w-iconbox-icon\" style=\"font-size:2.5rem;\"><i class=\"fal fa-map-marker-alt\"><\/i><\/div><div class=\"w-iconbox-meta\"><h4 class=\"w-iconbox-title\">97816 Lohr am Main \u00b7 Hauptstra\u00dfe 26<\/h4><\/div><\/div><div class=\"w-separator size_small\"><\/div><div class=\"w-iconbox iconpos_left style_default color_primary align_left no_text\"><div class=\"w-iconbox-icon\" style=\"font-size:2.5rem;\"><i class=\"fal fa-phone\"><\/i><\/div><div class=\"w-iconbox-meta\"><h4 class=\"w-iconbox-title\">06021 &#8211; 584225 Bernadine Angalusha<\/h4><\/div><\/div><div class=\"w-iconbox iconpos_left style_default color_primary align_left no_text\"><div class=\"w-iconbox-icon\" style=\"font-size:2.5rem;\"><i class=\"fal fa-phone\"><\/i><\/div><div class=\"w-iconbox-meta\"><h4 class=\"w-iconbox-title\">0172 &#8211; 6995944 Sybilla Wunderlich<\/h4><\/div><\/div><div class=\"w-separator size_small\"><\/div><div class=\"w-iconbox iconpos_left style_default color_primary align_left no_text\"><div class=\"w-iconbox-icon\" style=\"font-size:2.5rem;\"><i class=\"fal fa-envelope\"><\/i><\/div><div class=\"w-iconbox-meta\"><h4 class=\"w-iconbox-title\">info@quietway.de<\/h4><\/div><\/div><div class=\"w-separator size_small\"><\/div><div class=\"w-btn-wrapper align_none\"><a class=\"w-btn us-btn-style_1\" target=\"_blank\" href=\"https:\/\/quietway.de\/hilfezurselbsthilfe\/Aufnahmeantrag.pdf\"><span class=\"w-btn-label\">Infos Aufnahmeantrag<\/span><\/a><\/div><\/div><\/div><div class=\"wpb_column vc_column_container\"><div class=\"vc_column-inner\"><form class=\"w-form  us-field-style_1 layout_ver show_message_after_sending for_cform us_form_1\" action=\"https:\/\/quietway.de\/hilfezurselbsthilfe\/hilfezurselbsthilfe\/wp-json\/wp\/v2\/pages\/6312\" method=\"post\"><div class=\"w-form-h\"><div class=\"w-form-row for_text has_label move_label with_icon cols_2\">\r\n\t\t\t<div class=\"w-form-row-label\">\r\n\t\t\t<span>Name<\/span>\r\n\t\t<\/div>\r\n\t\t<div class=\"w-form-row-field\">\r\n\t\t\t\t<i class=\"fal fa-user\"><\/i>\t\t<input aria-label=\"Name\" type=\"text\" name=\"us_form_1_text_1\" value placeholder\/>\r\n\t\t\t<\/div>\r\n\t\t<div class=\"w-form-row-state\">Bitte f\u00fcllen Sie dieses Feld aus.<\/div>\r\n<\/div>\r\n<div class=\"w-form-row for_email has_label move_label required with_icon cols_2\">\r\n\t\t\t<div class=\"w-form-row-label\">\r\n\t\t\t<span>Email *<\/span>\r\n\t\t<\/div>\r\n\t\t<div class=\"w-form-row-field\">\r\n\t\t\t\t<i class=\"fal fa-envelope\"><\/i>\t\t<input aria-label=\"Email\" type=\"email\" name=\"us_form_1_email_1\" value placeholder data-required=\"true\" aria-required=\"true\"\/>\r\n\t\t\t<\/div>\r\n\t\t<div class=\"w-form-row-state\">Bitte gib eine g\u00fcltige E-Mail-Adresse ein.<\/div>\r\n<\/div>\r\n<div class=\"w-form-row for_textarea has_label move_label required with_icon\">\r\n\t\t\t<div class=\"w-form-row-label\">\r\n\t\t\t<span>Nachricht *<\/span>\r\n\t\t<\/div>\r\n\t\t<div class=\"w-form-row-field\">\r\n\t\t\t\t<i class=\"fal fa-pencil\"><\/i>\t\t<textarea aria-label=\"Nachricht\" name=\"us_form_1_textarea_1\" placeholder data-required=\"true\" aria-required=\"true\"><\/textarea>\r\n\t\t\t<\/div>\r\n\t\t<div class=\"w-form-row-state\">Bitte f\u00fcllen Sie dieses Feld aus.<\/div>\r\n<\/div>\r\n<input type=\"hidden\" name=\"action\" value=\"us_ajax_cform\" \/>\r\n<input type=\"hidden\" name=\"post_id\" value=\"0\" \/>\r\n<input type=\"hidden\" name=\"form_index\" value=\"1\" \/>\r\n<div class=\"w-form-row for_submit align_none\">\r\n\t<button class=\"w-btn  us-btn-style_1\" aria-label=\"an uns Senden\" type=\"submit\">\r\n\t\t<span class=\"g-preloader type_1\"><\/span>\r\n\t\t\t\t<span class=\"w-btn-label\">an uns Senden<\/span>\r\n\t\t\t<\/button>\r\n\t<\/div>\r\n<\/div><div class=\"w-form-message\"><\/div><div class=\"w-form-json hidden\" onclick='return {&quot;ajaxurl&quot;:&quot;https:\\\/\\\/quietway.de\\\/hilfezurselbsthilfe\\\/wp-admin\\\/admin-ajax.php&quot;,&quot;messages&quot;:{&quot;err_empty&quot;:&quot;Bitte f\\u00fcllen Sie dieses Feld aus.&quot;,&quot;err_size&quot;:&quot;Die Dateigr\\u00f6\\u00dfe darf %s MB nicht \\u00fcberschreiten&quot;,&quot;err_extension&quot;:&quot;Dateityp %s ist nicht zul\\u00e4ssig&quot;,&quot;err_recaptcha_keys&quot;:&quot;reCAPTCHA-Schl\\u00fcssel sind fehlerhaft&quot;}}'><\/div><\/form><\/div><\/div><\/div><\/div><\/div><\/div><\/div><\/section>\n","protected":false},"excerpt":{"rendered":"AnmeldungF\u00fcr Fragen nehmen Sie bitte mit uns Kontakt auf. Informationen \u00fcber die Gesetzgebung von steuerlicher Absetzung der Spenden finden Sie in dem PDF zum Download oder auf der Seite Spenden. Informationen zu SpendenKlassisch spenden Quietway e.V. Sparkasse Aschaffenburg-Alzenau IBAN DE 53 7955 0000 0011 3968 50 BIC: BYLADEM1ASA Quietway e.V.\u00a0 Raiffeisen-Volksbank IBAN DE 85 5019...","protected":false},"author":1,"featured_media":0,"parent":0,"menu_order":0,"comment_status":"closed","ping_status":"closed","template":"","meta":{"footnotes":""},"class_list":["post-6312","page","type-page","status-publish","hentry"],"_links":{"self":[{"href":"https:\/\/quietway.de\/hilfezurselbsthilfe\/wp-json\/wp\/v2\/pages\/6312","targetHints":{"allow":["GET"]}}],"collection":[{"href":"https:\/\/quietway.de\/hilfezurselbsthilfe\/wp-json\/wp\/v2\/pages"}],"about":[{"href":"https:\/\/quietway.de\/hilfezurselbsthilfe\/wp-json\/wp\/v2\/types\/page"}],"author":[{"embeddable":true,"href":"https:\/\/quietway.de\/hilfezurselbsthilfe\/wp-json\/wp\/v2\/users\/1"}],"replies":[{"embeddable":true,"href":"https:\/\/quietway.de\/hilfezurselbsthilfe\/wp-json\/wp\/v2\/comments?post=6312"}],"version-history":[{"count":8,"href":"https:\/\/quietway.de\/hilfezurselbsthilfe\/wp-json\/wp\/v2\/pages\/6312\/revisions"}],"predecessor-version":[{"id":7889,"href":"https:\/\/quietway.de\/hilfezurselbsthilfe\/wp-json\/wp\/v2\/pages\/6312\/revisions\/7889"}],"wp:attachment":[{"href":"https:\/\/quietway.de\/hilfezurselbsthilfe\/wp-json\/wp\/v2\/media?parent=6312"}],"curies":[{"name":"wp","href":"https:\/\/api.w.org\/{rel}","templated":true}]}}