{"id":6324,"date":"2022-10-14T16:42:05","date_gmt":"2022-10-14T14:42:05","guid":{"rendered":"http:\/\/quietway.de\/hilfezurselbsthilfe\/?page_id=6324"},"modified":"2022-10-22T16:07:32","modified_gmt":"2022-10-22T14:07:32","slug":"impressum","status":"publish","type":"page","link":"https:\/\/quietway.de\/hilfezurselbsthilfe\/impressum\/","title":{"rendered":"Impressum"},"content":{"rendered":"<section class=\"l-section wpb_row height_custom\"><div class=\"l-section-h i-cf\"><div class=\"g-cols vc_row via_grid cols_1 laptops-cols_inherit tablets-cols_inherit mobiles-cols_1 valign_top type_default stacking_default\"><div class=\"wpb_column vc_column_container\"><div class=\"vc_column-inner\"><div class=\"wpb_text_column\"><div class=\"wpb_wrapper\"><h2>Impressum<\/h2>\n<p>Haftungshinweis:<\/p>\n<p>Trotz sorgf\u00e4ltiger inhaltlicher Kontrolle \u00fcbernehmen wir keine Haftung f\u00fcr die Inhalte externer Links. F\u00fcr den Inhalt der verlinkten Seiten, Schriften wie Google Fonts sind ausschlie\u00dflich deren Betreiber verantwortlich.<\/p>\n<p>Inhaltlich verantwortlich gem\u00e4\u00df \u00a7 10 Absatz 3 MDSW :<\/p>\n<p>Verein: Quiet Way e.V.<br \/>\nHauptstra\u00dfe 26\u00a0\u00a0<br \/>\n0172-6995944<br \/>\n97816 Lohr am Main\u00a0<br \/>\n06021-584225<br \/>\n<a href=\"http:\/\/www.quietway.de\/\">www.quietway.de<\/a>\u00a0\u00a0\u00a0\u00a0\u00a0\u00a0\u00a0\u00a0\u00a0\u00a0\u00a0\u00a0\u00a0<br \/>\n<a href=\"mailto:info@quietway.de\">info@quietway.de<\/a><\/br><\/p>\n<h4>1. Inhalt des Onlineangebotes<\/h4>\n<p>Der Anbieter \u00fcbernimmt keinerlei Gew\u00e4hr f\u00fcr die Vollst\u00e4ndigkeit, Richtigkeit, Aktualit\u00e4t, Qualit\u00e4t und Quellen der zur Verf\u00fcgung gestellten Informationen und Angebote. Weiterhin \u00fcbernimmt der Anbieter keinerlei Haftung f\u00fcr Sch\u00e4den aus der Nutzung der zur Verf\u00fcgung gestellten Informationen und Angebote dieser Webseite. Alle Angebote sind freibleibend und unverbindlich. Der Anbieter beh\u00e4lt es sich insbesondere vor, die Informationen und Angebote ohne Ank\u00fcndigung zu ver\u00e4ndern, zu erg\u00e4nzen, zu l\u00f6schen oder die Ver\u00f6ffentlichung einzustellen.<\/p>\n<h4>2. Verweise und Links<\/h4>\n<p>Mit Urteil vom 12. Mai 1998 &#8211; 312 O 85\/98 &#8211; &#8222;Haftung f\u00fcr Links&#8220; hat das Landgericht (LG) Hamburg entschieden, dass man durch die Erstellung eines Links die Inhalte der verlinkten Seite ggf. mitzuverantworten hat. Dies kann &#8211; so das Gericht &#8211; nur dadurch verhindert werden, dass man sich ausdr\u00fccklich von diesen Inhalten distanziert. Der gemeinn\u00fctzige Verein Quiet Way distanziert sich daher ausdr\u00fccklich von allen Inhalten aller verlinkten Seiten auf diesem Server und macht sich die Inhalte der verlinkten Seiten nicht zu eigen.<\/p>\n<h4>3. Urheber- und Kennzeichenrecht<\/h4>\n<p>Die Urheberrechte f\u00fcr alle vom Anbieter erstellten Objekte verbleiben bei dem Anbieter. Eine Verwendung, Ver\u00e4nderung oder Vervielf\u00e4ltigung bedarf der ausdr\u00fccklichen Zustimmung des Anbieters. Alle verwendeten Objekte, die urheber- oder markenrechtlich zugunsten Dritter gesch\u00fctzt sind, unterliegen den jeweiligen Bestimmungen des Dritten.<\/p>\n<\/div><\/div><\/div><\/div><\/div><\/div><\/section>\n","protected":false},"excerpt":{"rendered":"Impressum Haftungshinweis: Trotz sorgf\u00e4ltiger inhaltlicher Kontrolle \u00fcbernehmen wir keine Haftung f\u00fcr die Inhalte externer Links. F\u00fcr den Inhalt der verlinkten Seiten, Schriften wie Google Fonts sind ausschlie\u00dflich deren Betreiber verantwortlich. Inhaltlich verantwortlich gem\u00e4\u00df \u00a7 10 Absatz 3 MDSW : Verein: Quiet Way e.V. Hauptstra\u00dfe 26\u00a0\u00a0 0172-6995944 97816 Lohr am Main\u00a0 06021-584225 www.quietway.de\u00a0\u00a0\u00a0\u00a0\u00a0\u00a0\u00a0\u00a0\u00a0\u00a0\u00a0\u00a0\u00a0 info@quietway.de 1. Inhalt...","protected":false},"author":1,"featured_media":0,"parent":0,"menu_order":0,"comment_status":"closed","ping_status":"open","template":"","meta":{"footnotes":""},"class_list":["post-6324","page","type-page","status-publish","hentry"],"_links":{"self":[{"href":"https:\/\/quietway.de\/hilfezurselbsthilfe\/wp-json\/wp\/v2\/pages\/6324","targetHints":{"allow":["GET"]}}],"collection":[{"href":"https:\/\/quietway.de\/hilfezurselbsthilfe\/wp-json\/wp\/v2\/pages"}],"about":[{"href":"https:\/\/quietway.de\/hilfezurselbsthilfe\/wp-json\/wp\/v2\/types\/page"}],"author":[{"embeddable":true,"href":"https:\/\/quietway.de\/hilfezurselbsthilfe\/wp-json\/wp\/v2\/users\/1"}],"replies":[{"embeddable":true,"href":"https:\/\/quietway.de\/hilfezurselbsthilfe\/wp-json\/wp\/v2\/comments?post=6324"}],"version-history":[{"count":0,"href":"https:\/\/quietway.de\/hilfezurselbsthilfe\/wp-json\/wp\/v2\/pages\/6324\/revisions"}],"wp:attachment":[{"href":"https:\/\/quietway.de\/hilfezurselbsthilfe\/wp-json\/wp\/v2\/media?parent=6324"}],"curies":[{"name":"wp","href":"https:\/\/api.w.org\/{rel}","templated":true}]}}