{"id":6540,"date":"2022-10-17T17:44:05","date_gmt":"2022-10-17T15:44:05","guid":{"rendered":"http:\/\/quietway.de\/hilfezurselbsthilfe\/?page_id=6540"},"modified":"2026-02-13T14:11:16","modified_gmt":"2026-02-13T13:11:16","slug":"veranstaltungen","status":"publish","type":"page","link":"https:\/\/quietway.de\/hilfezurselbsthilfe\/veranstaltungen\/","title":{"rendered":"Veranstaltungen"},"content":{"rendered":"<section class=\"l-section wpb_row us_custom_51587432 height_medium color_primary\"><div class=\"l-section-overlay\" style=\"background:var(--color-content-primary-grad, var(--color-content-primary) )\"><\/div><div class=\"l-section-h i-cf\"><div class=\"g-cols vc_row via_grid cols_1 laptops-cols_inherit tablets-cols_inherit mobiles-cols_1 valign_top type_default stacking_default\"><div class=\"wpb_column vc_column_container us_custom_c1689f7b\"><div class=\"vc_column-inner\"><h1 class=\"w-text us_custom_8fac178d has_text_color\"><span class=\"w-text-h\"><span class=\"w-text-value\">Veranstaltungen<\/span><\/span><\/h1><\/div><\/div><\/div><\/div><\/section><section class=\"l-section wpb_row us_custom_ae4d25b1 height_custom\"><div class=\"l-section-h i-cf\"><div class=\"g-cols vc_row via_grid cols_1 laptops-cols_inherit tablets-cols_inherit mobiles-cols_1 valign_top type_default stacking_default\"><div class=\"wpb_column vc_column_container\"><div class=\"vc_column-inner\"><div class=\"g-cols wpb_row via_grid cols_1 laptops-cols_inherit tablets-cols_inherit mobiles-cols_1 valign_top type_default stacking_default\" style=\"--columns-gap:3rem;\"><div class=\"wpb_column vc_column_container\"><div class=\"vc_column-inner\"><div class=\"w-actionbox us_custom_6e4478d3 color_primary controls_right\"><div class=\"w-actionbox-text\"><h2 class=\"w-actionbox-title\">Wir wollen uns vorstellen!<\/h2><div class=\"w-actionbox-description\"><p>Wir freuen uns immer, wenn wir unser Projekt mit unserem Stand oder einem Vortrag vorstellen d\u00fcrfen, insbesondere unsere noch frischen Reiseerlebnisse nach dem jeweiligen Inspektionsbesuch im November.<\/p>\n<p>Bitte laden Sie uns zu einer Veranstaltung, z.B. einem Projekt zur F\u00f6rderung von Selbsthilfe in Afrika oder einem (privaten) Fest ein, wenn Sie Interesse an unserer Arbeit haben. Wir kommen auch nicht mit \u201eleeren\u201c H\u00e4nden und bringen au\u00dfer Fotos und Berichten aus Kakamega, auf Wunsch kleine Kunstgegenst\u00e4nde aus Kenia mit, die gegen eine Spende erworben werden k\u00f6nnen.<\/p>\n<\/div><\/div><div class=\"w-actionbox-controls\"><a class=\"w-btn us-btn-style_1\" title=\"Kontakt zu uns\" href=\"https:\/\/quietway.de\/hilfezurselbsthilfe\/kontakt\/\"><span class=\"w-btn-label\">Kontakt<\/span><\/a><\/div><\/div><\/div><\/div><\/div><\/div><\/div><\/div><\/div><\/section><section class=\"l-section wpb_row height_custom\"><div class=\"l-section-h i-cf\"><div class=\"g-cols vc_row via_grid cols_1 laptops-cols_inherit tablets-cols_inherit mobiles-cols_1 valign_top type_default stacking_default\"><div class=\"wpb_column vc_column_container\"><div class=\"vc_column-inner\"><div class=\"g-cols wpb_row via_grid cols_2 laptops-cols_inherit tablets-cols_inherit mobiles-cols_1 valign_top type_default stacking_default\" style=\"--columns-gap:3rem;\"><div class=\"wpb_column vc_column_container\"><div class=\"vc_column-inner\"><div class=\"w-slider style_none fit_scaledown nav_none count_3\"><div class=\"w-slider-h\"><div class=\"royalSlider\"><div class=\"rsContent\"><a class=\"rsImg\" data-rsw=\"768\" data-rsh=\"1024\" href=\"https:\/\/quietway.de\/hilfezurselbsthilfe\/wp-content\/uploads\/SchmuckInternet1-768x1024.jpg\"><span data-alt=\"Fest der Br\u00fcderschaft der V\u00f6lker in Aschaffenburg\"><\/span><\/a><\/div><div class=\"rsContent\"><a class=\"rsImg\" data-rsw=\"1024\" data-rsh=\"837\" href=\"https:\/\/quietway.de\/hilfezurselbsthilfe\/wp-content\/uploads\/DSC09067-1-4000x3270-1-1024x837.jpg\"><span data-alt=\"\"><\/span><\/a><\/div><div class=\"rsContent\"><a class=\"rsImg\" data-rsw=\"1024\" data-rsh=\"765\" href=\"https:\/\/quietway.de\/hilfezurselbsthilfe\/wp-content\/uploads\/Bruederschaftsfest-2015-5-1024x765.jpg\"><span data-alt=\"Fest der Br\u00fcderschaft der V\u00f6lker in Aschaffenburg\"><\/span><\/a><\/div><\/div><img decoding=\"async\" src=\"https:\/\/quietway.de\/hilfezurselbsthilfe\/wp-content\/uploads\/SchmuckInternet1-768x1024.jpg\" width=\"768\" height=\"1024\" alt=\"Fest der Br\u00fcderschaft der V\u00f6lker in Aschaffenburg\" loading=\"lazy\"><\/div><div class=\"w-slider-json\" onclick='return {&quot;autoScaleSlider&quot;:true,&quot;addActiveClass&quot;:true,&quot;loop&quot;:true,&quot;fadeInLoadedSlide&quot;:false,&quot;slidesSpacing&quot;:0,&quot;imageScalePadding&quot;:0,&quot;numImagesToPreload&quot;:2,&quot;arrowsNav&quot;:true,&quot;arrowsNavAutoHide&quot;:false,&quot;transitionType&quot;:&quot;move&quot;,&quot;transitionSpeed&quot;:250,&quot;block&quot;:{&quot;moveEffect&quot;:&quot;none&quot;,&quot;speed&quot;:300},&quot;thumbs&quot;:{&quot;fitInViewport&quot;:false,&quot;firstMargin&quot;:false,&quot;spacing&quot;:4},&quot;controlNavigation&quot;:&quot;none&quot;,&quot;autoScaleSliderWidth&quot;:768,&quot;autoScaleSliderHeight&quot;:1024}'><\/div><\/div><\/div><\/div><div class=\"wpb_column vc_column_container\"><div class=\"vc_column-inner\"><div class=\"wpb_text_column\"><div class=\"wpb_wrapper\"><h2 class=\"entry-title\">Fest<span> f\u00fcr Vielfalt<\/span> in Aschaffenburg<\/h2>\n<div class=\"entry-content\">\n<p>Eines der sch\u00f6nsten Feste in Aschaffenburg ist das \u201cFest<span> f\u00fcr Vielfalt<\/span>\u201d. Auf kaum einer anderen Veranstaltung pr\u00e4sentiert sich Aschaffenburgs Bev\u00f6lkerung so bunt und vielf\u00e4ltig wie hier.<strong> In diesem Jahr findet das Fest vom 17.07.2026 \u2013 19.07.2026 statt.<\/strong><\/p>\n<p>Hier noch einige Bilder von unseren Pr\u00e4sentationen aus den vergangenen Jahren. Dabei best\u00fccken Mitglieder des Vorstands und eifrige Helfer\/innen den Stand!<\/p>\n<\/div>\n<\/div><\/div><\/div><\/div><\/div><div class=\"w-separator size_medium with_line width_default thick_1 style_solid color_border align_center\"><div class=\"w-separator-h\"><\/div><\/div><\/div><\/div><\/div><\/div><\/section><section class=\"l-section wpb_row height_custom\"><div class=\"l-section-h i-cf\"><div class=\"g-cols vc_row via_grid cols_1 laptops-cols_inherit tablets-cols_inherit mobiles-cols_1 valign_top type_default stacking_default\"><div class=\"wpb_column vc_column_container\"><div class=\"vc_column-inner\"><div class=\"g-cols wpb_row via_grid cols_2 laptops-cols_inherit tablets-cols_inherit mobiles-cols_1 valign_top type_default stacking_default\" style=\"--columns-gap:3rem;\"><div class=\"wpb_column vc_column_container\"><div class=\"vc_column-inner\"><div class=\"wpb_text_column\"><div class=\"wpb_wrapper\"><h2 class=\"entry-title\">KOMMZ im Nilkheimer Park<\/h2>\n<div class=\"entry-content\">\n<p>Das KOMMZ findet dieses Jahr vom 07.08. bis 09.08.2026 statt.<\/p>\n<p>Wir freuen uns auf einen Besuch von Euch auf unserem Informationsstand.<\/p>\n<\/div>\n<\/div><\/div><\/div><\/div><div class=\"wpb_column vc_column_container\"><div class=\"vc_column-inner\"><div class=\"w-slider style_none fit_scaledown nav_none count_5\"><div class=\"w-slider-h\"><div class=\"royalSlider\"><div class=\"rsContent\"><a class=\"rsImg\" data-rsw=\"886\" data-rsh=\"886\" href=\"https:\/\/quietway.de\/hilfezurselbsthilfe\/wp-content\/uploads\/36D2028E-34AC-42C3-8A00-DA5591B011AC_1_105_c.jpeg\"><span data-alt=\"Das KOMMZ in Aschaffenburg ist ein gro\u00dfes festival und spendet seine Einnahmen gemeinn\u00fctzig.\"><\/span><\/a><\/div><div class=\"rsContent\"><a class=\"rsImg\" data-rsw=\"886\" data-rsh=\"886\" href=\"https:\/\/quietway.de\/hilfezurselbsthilfe\/wp-content\/uploads\/460F92BD-A147-4D6D-9972-C4CF8B69384B_1_105_c.jpeg\"><span data-alt=\"\"><\/span><\/a><\/div><div class=\"rsContent\"><a class=\"rsImg\" data-rsw=\"886\" data-rsh=\"886\" href=\"https:\/\/quietway.de\/hilfezurselbsthilfe\/wp-content\/uploads\/EA08A6AF-6B78-487C-8E75-00FFD704F559_1_105_c.jpeg\"><span data-alt=\"\"><\/span><\/a><\/div><div class=\"rsContent\"><a class=\"rsImg\" data-rsw=\"886\" data-rsh=\"886\" href=\"https:\/\/quietway.de\/hilfezurselbsthilfe\/wp-content\/uploads\/9DF37903-63F2-4FFB-A95D-5E9A1EBC97F1_1_105_c.jpeg\"><span data-alt=\"\"><\/span><\/a><\/div><div class=\"rsContent\"><a class=\"rsImg\" data-rsw=\"886\" data-rsh=\"886\" href=\"https:\/\/quietway.de\/hilfezurselbsthilfe\/wp-content\/uploads\/9C54FEA9-5612-464F-92B6-B2475D8F8E94_1_105_c.jpeg\"><span data-alt=\"\"><\/span><\/a><\/div><\/div><img decoding=\"async\" src=\"https:\/\/quietway.de\/hilfezurselbsthilfe\/wp-content\/uploads\/36D2028E-34AC-42C3-8A00-DA5591B011AC_1_105_c.jpeg\" width=\"886\" height=\"886\" alt=\"Das KOMMZ in Aschaffenburg ist ein gro\u00dfes festival und spendet seine Einnahmen gemeinn\u00fctzig.\" loading=\"lazy\"><\/div><div class=\"w-slider-json\" onclick='return {&quot;autoScaleSlider&quot;:true,&quot;addActiveClass&quot;:true,&quot;loop&quot;:true,&quot;fadeInLoadedSlide&quot;:false,&quot;slidesSpacing&quot;:0,&quot;imageScalePadding&quot;:0,&quot;numImagesToPreload&quot;:2,&quot;arrowsNav&quot;:true,&quot;arrowsNavAutoHide&quot;:false,&quot;transitionType&quot;:&quot;move&quot;,&quot;transitionSpeed&quot;:250,&quot;block&quot;:{&quot;moveEffect&quot;:&quot;none&quot;,&quot;speed&quot;:300},&quot;thumbs&quot;:{&quot;fitInViewport&quot;:false,&quot;firstMargin&quot;:false,&quot;spacing&quot;:4},&quot;controlNavigation&quot;:&quot;none&quot;,&quot;autoScaleSliderWidth&quot;:886,&quot;autoScaleSliderHeight&quot;:886}'><\/div><\/div><\/div><\/div><\/div><\/div><\/div><\/div><\/div><\/section><section class=\"l-section wpb_row height_custom\"><div class=\"l-section-h i-cf\"><div class=\"g-cols vc_row via_grid cols_1 laptops-cols_inherit tablets-cols_inherit mobiles-cols_1 valign_top type_default stacking_default\"><div class=\"wpb_column vc_column_container\"><div class=\"vc_column-inner\"><div class=\"w-separator size_medium with_line width_default thick_1 style_solid color_border align_center\"><div class=\"w-separator-h\"><\/div><\/div><div class=\"g-cols wpb_row via_grid cols_2 laptops-cols_inherit tablets-cols_inherit mobiles-cols_1 valign_top type_default stacking_default\" style=\"--columns-gap:3rem;\"><div class=\"wpb_column vc_column_container\"><div class=\"vc_column-inner\"><div class=\"wpb_text_column\"><div class=\"wpb_wrapper\"><h2 class=\"entry-title\">Afrika-Karibik-Festival in Aschaffenburg<\/h2>\n<p>Wir danken den Veranstaltern des One Race Humen Festivals, die uns auch im Jahr 2019 die Gelegenheit gaben, uns mit einem Stand zu pr\u00e4sentieren.<\/p>\n<\/div><\/div><\/div><\/div><div class=\"wpb_column vc_column_container\"><div class=\"vc_column-inner\"><div class=\"w-slider style_none fit_scaledown nav_none count_4\"><div class=\"w-slider-h\"><div class=\"royalSlider\"><div class=\"rsContent\"><a class=\"rsImg\" data-rsw=\"1024\" data-rsh=\"662\" href=\"https:\/\/quietway.de\/hilfezurselbsthilfe\/wp-content\/uploads\/Afrika-Karibis-Festival-1024x662.jpg\"><span data-alt=\"\"><\/span><\/a><\/div><div class=\"rsContent\"><a class=\"rsImg\" data-rsw=\"448\" data-rsh=\"336\" href=\"https:\/\/quietway.de\/hilfezurselbsthilfe\/wp-content\/uploads\/akf-2010b.jpg\"><span data-alt=\"Afrika-Karibik-Festival in Aschaffenburg\"><\/span><\/a><\/div><div class=\"rsContent\"><a class=\"rsImg\" data-rsw=\"448\" data-rsh=\"336\" href=\"https:\/\/quietway.de\/hilfezurselbsthilfe\/wp-content\/uploads\/akf-2011_-0.jpg\"><span data-alt=\"Afrika-Karibik-Festival in Aschaffenburg\"><\/span><\/a><\/div><div class=\"rsContent\"><a class=\"rsImg\" data-rsw=\"448\" data-rsh=\"336\" href=\"https:\/\/quietway.de\/hilfezurselbsthilfe\/wp-content\/uploads\/akf-2011_-4.jpg\"><span data-alt=\"Afrika-Karibik-Festival in Aschaffenburg\"><\/span><\/a><\/div><\/div><img decoding=\"async\" src=\"https:\/\/quietway.de\/hilfezurselbsthilfe\/wp-content\/uploads\/Afrika-Karibis-Festival-1024x662.jpg\" width=\"1024\" height=\"662\" alt loading=\"lazy\"><\/div><div class=\"w-slider-json\" onclick='return {&quot;autoScaleSlider&quot;:true,&quot;addActiveClass&quot;:true,&quot;loop&quot;:true,&quot;fadeInLoadedSlide&quot;:false,&quot;slidesSpacing&quot;:0,&quot;imageScalePadding&quot;:0,&quot;numImagesToPreload&quot;:2,&quot;arrowsNav&quot;:true,&quot;arrowsNavAutoHide&quot;:false,&quot;transitionType&quot;:&quot;move&quot;,&quot;transitionSpeed&quot;:250,&quot;block&quot;:{&quot;moveEffect&quot;:&quot;none&quot;,&quot;speed&quot;:300},&quot;thumbs&quot;:{&quot;fitInViewport&quot;:false,&quot;firstMargin&quot;:false,&quot;spacing&quot;:4},&quot;controlNavigation&quot;:&quot;none&quot;,&quot;autoScaleSliderWidth&quot;:1024,&quot;autoScaleSliderHeight&quot;:662}'><\/div><\/div><\/div><\/div><\/div><\/div><\/div><\/div><\/div><\/section>\n","protected":false},"excerpt":{"rendered":"VeranstaltungenWir wollen uns vorstellen!Wir freuen uns immer, wenn wir unser Projekt mit unserem Stand oder einem Vortrag vorstellen d\u00fcrfen, insbesondere unsere noch frischen Reiseerlebnisse nach dem jeweiligen Inspektionsbesuch im November. Bitte laden Sie uns zu einer Veranstaltung, z.B. einem Projekt zur F\u00f6rderung von Selbsthilfe in Afrika oder einem (privaten) Fest ein, wenn Sie Interesse an...","protected":false},"author":1,"featured_media":0,"parent":0,"menu_order":0,"comment_status":"closed","ping_status":"closed","template":"","meta":{"footnotes":""},"class_list":["post-6540","page","type-page","status-publish","hentry"],"_links":{"self":[{"href":"https:\/\/quietway.de\/hilfezurselbsthilfe\/wp-json\/wp\/v2\/pages\/6540","targetHints":{"allow":["GET"]}}],"collection":[{"href":"https:\/\/quietway.de\/hilfezurselbsthilfe\/wp-json\/wp\/v2\/pages"}],"about":[{"href":"https:\/\/quietway.de\/hilfezurselbsthilfe\/wp-json\/wp\/v2\/types\/page"}],"author":[{"embeddable":true,"href":"https:\/\/quietway.de\/hilfezurselbsthilfe\/wp-json\/wp\/v2\/users\/1"}],"replies":[{"embeddable":true,"href":"https:\/\/quietway.de\/hilfezurselbsthilfe\/wp-json\/wp\/v2\/comments?post=6540"}],"version-history":[{"count":20,"href":"https:\/\/quietway.de\/hilfezurselbsthilfe\/wp-json\/wp\/v2\/pages\/6540\/revisions"}],"predecessor-version":[{"id":7973,"href":"https:\/\/quietway.de\/hilfezurselbsthilfe\/wp-json\/wp\/v2\/pages\/6540\/revisions\/7973"}],"wp:attachment":[{"href":"https:\/\/quietway.de\/hilfezurselbsthilfe\/wp-json\/wp\/v2\/media?parent=6540"}],"curies":[{"name":"wp","href":"https:\/\/api.w.org\/{rel}","templated":true}]}}