{"id":7119,"date":"2022-11-04T15:04:24","date_gmt":"2022-11-04T14:04:24","guid":{"rendered":"https:\/\/quietway.de\/hilfezurselbsthilfe\/?page_id=7119"},"modified":"2024-04-29T14:09:51","modified_gmt":"2024-04-29T12:09:51","slug":"eventunterstuetzung-aschaffenburg","status":"publish","type":"page","link":"https:\/\/quietway.de\/hilfezurselbsthilfe\/eventunterstuetzung-aschaffenburg\/","title":{"rendered":"Eventunterst\u00fctzung"},"content":{"rendered":"<section class=\"l-section wpb_row us_custom_51587432 height_small color_primary\"><div class=\"l-section-h i-cf\"><div class=\"g-cols vc_row via_grid cols_1 laptops-cols_inherit tablets-cols_inherit mobiles-cols_1 valign_top type_default stacking_default\"><div class=\"wpb_column vc_column_container us_custom_c1689f7b\"><div class=\"vc_column-inner\"><h1 class=\"w-text us_custom_8fac178d has_text_color\"><span class=\"w-text-h\"><span class=\"w-text-value\">Eventunterst\u00fctzung<\/span><\/span><\/h1><\/div><\/div><\/div><\/div><\/section><section class=\"l-section wpb_row height_custom with_img\"><div class=\"l-section-img\" role=\"img\" aria-label=\"Bild\" data-img-width=\"750\" data-img-height=\"414\" style=\"background-image: url(https:\/\/quietway.de\/hilfezurselbsthilfe\/wp-content\/uploads\/speisen-zubereitun-kenianisch.jpg);\"><\/div><div class=\"l-section-h i-cf\"><div class=\"g-cols vc_row via_grid cols_1 laptops-cols_inherit tablets-cols_inherit mobiles-cols_1 valign_top type_default stacking_default\"><div class=\"wpb_column vc_column_container\"><div class=\"vc_column-inner\"><div class=\"g-cols wpb_row via_grid cols_1 laptops-cols_inherit tablets-cols_inherit mobiles-cols_1 valign_top type_default stacking_default\" style=\"--columns-gap:3rem;\"><div class=\"wpb_column vc_column_container\"><div class=\"vc_column-inner\"><div class=\"w-actionbox us_custom_6e4478d3 color_primary controls_right\"><div class=\"w-actionbox-text\"><div class=\"w-actionbox-description\"><p>Buchen Sie uns als Unterst\u00fctzung Ihres geplanten Events in Aschaffenburg und Umgebung. Fragen Sie bei uns nach, \u00fcber m\u00f6gliche Entfernungen und Speisen, Themen und Termine.<\/p>\n<\/div><\/div><div class=\"w-actionbox-controls\"><a class=\"w-btn us-btn-style_4\" target=\"_blank\" rel=\"nofollow\" href=\"https:\/\/quietway.de\/hilfezurselbsthilfe\/spenden\/\"><span class=\"w-btn-label\">Spenden<\/span><\/a><a class=\"w-btn us-btn-style_4\" title=\"Kontakt zu uns\" href=\"https:\/\/quietway.de\/hilfezurselbsthilfe\/kontakt\/\"><span class=\"w-btn-label\">Kontakt<\/span><\/a><\/div><\/div><\/div><\/div><\/div><\/div><\/div><\/div><\/div><\/section><section class=\"l-section wpb_row height_custom\"><div class=\"l-section-h i-cf\"><div class=\"g-cols vc_row via_grid cols_1 laptops-cols_inherit tablets-cols_inherit mobiles-cols_1 valign_top type_default stacking_default\"><div class=\"wpb_column vc_column_container\"><div class=\"vc_column-inner\"><div class=\"g-cols wpb_row via_grid cols_2 laptops-cols_inherit tablets-cols_inherit mobiles-cols_1 valign_top type_default stacking_default\" style=\"--columns-gap:3rem;\"><div class=\"wpb_column vc_column_container\"><div class=\"vc_column-inner\"><div class=\"w-image align_none\"><div class=\"w-image-h\"><img decoding=\"async\" width=\"1024\" height=\"512\" src=\"https:\/\/quietway.de\/hilfezurselbsthilfe\/wp-content\/uploads\/Kochevent-1024x512.jpeg\" class=\"attachment-large size-large\" alt=\"\" loading=\"lazy\" srcset=\"https:\/\/quietway.de\/hilfezurselbsthilfe\/wp-content\/uploads\/Kochevent-1024x512.jpeg 1024w, https:\/\/quietway.de\/hilfezurselbsthilfe\/wp-content\/uploads\/Kochevent-300x150.jpeg 300w, https:\/\/quietway.de\/hilfezurselbsthilfe\/wp-content\/uploads\/Kochevent-150x75.jpeg 150w, https:\/\/quietway.de\/hilfezurselbsthilfe\/wp-content\/uploads\/Kochevent-1536x768.jpeg 1536w, https:\/\/quietway.de\/hilfezurselbsthilfe\/wp-content\/uploads\/Kochevent.jpeg 1600w\" sizes=\"auto, (max-width: 1024px) 100vw, 1024px\" \/><\/div><\/div><div class=\"w-separator size_medium\"><\/div><div class=\"wpb_text_column\"><div class=\"wpb_wrapper\"><div class=\"entry-content\">\n<p>Bernardine legt Ihnen auch gerne den \u201cGeschmack\u201d von Kenia auf die Zunge und kocht f\u00fcr Sie. Die afrikanischen Speisen sind herzhaft und wirklich lecker, was sich daran zeigt, dass selten etwas \u00fcbrig bleibt \u2026<\/p>\n<\/div>\n<\/div><\/div><div class=\"wpb_text_column\"><div class=\"wpb_wrapper\"><div class=\"entry-content\">\n<p>Wir finden es nat\u00fcrlich ganz wunderbar, wenn Sie gerade bei l\u00e4ngeren G\u00e4stelisten, Bernardine bei ihren Vorbereitungen und \/ oder den Abwasch tatkr\u00e4ftig unterst\u00fctzen.<\/p>\n<\/div>\n<\/div><\/div><\/div><\/div><div class=\"wpb_column vc_column_container\"><div class=\"vc_column-inner\"><div class=\"wpb_text_column\"><div class=\"wpb_wrapper\"><h2 class=\"entry-title\">Eventunterst\u00fctzung &amp; Kochen mit uns als Event, in und um Aschaffenburg<\/h2>\n<h2 class=\"entry-title\">Bernardine bringt Kenia auch kulinarisch n\u00e4her<\/h2>\n<\/div><\/div><\/div><\/div><\/div><\/div><\/div><\/div><\/div><\/section>\n","protected":false},"excerpt":{"rendered":"Eventunterst\u00fctzungBuchen Sie uns als Unterst\u00fctzung Ihres geplanten Events in Aschaffenburg und Umgebung. Fragen Sie bei uns nach, \u00fcber m\u00f6gliche Entfernungen und Speisen, Themen und Termine. SpendenKontakt Bernardine legt Ihnen auch gerne den \u201cGeschmack\u201d von Kenia auf die Zunge und kocht f\u00fcr Sie. Die afrikanischen Speisen sind herzhaft und wirklich lecker, was sich daran zeigt, dass...","protected":false},"author":1,"featured_media":0,"parent":0,"menu_order":0,"comment_status":"closed","ping_status":"closed","template":"","meta":{"footnotes":""},"class_list":["post-7119","page","type-page","status-publish","hentry"],"_links":{"self":[{"href":"https:\/\/quietway.de\/hilfezurselbsthilfe\/wp-json\/wp\/v2\/pages\/7119","targetHints":{"allow":["GET"]}}],"collection":[{"href":"https:\/\/quietway.de\/hilfezurselbsthilfe\/wp-json\/wp\/v2\/pages"}],"about":[{"href":"https:\/\/quietway.de\/hilfezurselbsthilfe\/wp-json\/wp\/v2\/types\/page"}],"author":[{"embeddable":true,"href":"https:\/\/quietway.de\/hilfezurselbsthilfe\/wp-json\/wp\/v2\/users\/1"}],"replies":[{"embeddable":true,"href":"https:\/\/quietway.de\/hilfezurselbsthilfe\/wp-json\/wp\/v2\/comments?post=7119"}],"version-history":[{"count":1,"href":"https:\/\/quietway.de\/hilfezurselbsthilfe\/wp-json\/wp\/v2\/pages\/7119\/revisions"}],"predecessor-version":[{"id":7681,"href":"https:\/\/quietway.de\/hilfezurselbsthilfe\/wp-json\/wp\/v2\/pages\/7119\/revisions\/7681"}],"wp:attachment":[{"href":"https:\/\/quietway.de\/hilfezurselbsthilfe\/wp-json\/wp\/v2\/media?parent=7119"}],"curies":[{"name":"wp","href":"https:\/\/api.w.org\/{rel}","templated":true}]}}